{"id":172,"date":"2025-08-19T08:45:59","date_gmt":"2025-08-19T08:45:59","guid":{"rendered":"http:\/\/cieleporteplume.fr\/?page_id=172"},"modified":"2026-04-23T13:16:09","modified_gmt":"2026-04-23T13:16:09","slug":"delire-en-revermont","status":"publish","type":"page","link":"https:\/\/cieleporteplume.fr\/?page_id=172","title":{"rendered":"D\u00e9LIRE en Revermont"},"content":{"rendered":"\n<p>La compagnie est co-organisatrice, avec l&rsquo;association Lire au Coeur du Jura, de <strong>D\u00e9LIRE en Revermont,<\/strong> festival de lectures \u00e0 voix haute pour tous et par tous. Tous les ans depuis 2016, sont au programme rencontres d&rsquo;auteurs, musique, spectacles, ateliers d&rsquo;illustration, d&nbsp;\u00e9criture de BD, rencontres et ateliers en milieu scolaire, pour enfants, ados, adultes,&nbsp; public \u00e9loign\u00e9 de la lecture &#8230; Dans ce cadre, la compagnie propose des lectures th\u00e9\u00e2tralis\u00e9es en d\u00e9ambulation et musicales.<\/p>\n\n\n\n<figure class=\"wp-block-pullquote\"><blockquote><p><strong>L&rsquo;\u00e9dition 2026 f\u00eatera les dix ans du festival !<\/strong><\/p><\/blockquote><\/figure>\n\n\n\n<p><em>Le festival D\u00e9LIRE en Revermont est soutenu par les Communaut\u00e9s de Communes Coeur du Jura et Champagnole- Nozeroy, par les villes d&rsquo;Arbois, Champagnole,, Poligny, Salins, la DRAC Livres Bourgogne Franche-Comt\u00e9,&nbsp; le D\u00e9partement Jura,  la R\u00e9gion Bourgogne Franche-Comt\u00e9.<\/em><\/p>\n\n\n\n<h2 class=\"wp-block-heading\"><strong>Edition 2026 :<\/strong><\/h2>\n\n\n\n<p>Edition anniversaire 10 ans !  du 28 au 31 mai 2026<\/p>\n\n\n\n<p>Auteur.es\u00a0invit\u00e9.e.s : Anne-Laure Bondoux, S\u00e9verine Cressan, Gilles Marchand, Florian Pig\u00e9<\/p>\n\n\n\n<p>  En avant-premi\u00e8re :  Exposition de l\u2019auteur &#8211; Illustrateur Florian Pig\u00e9 \u00e0 la Biblioth\u00e8que de Champagnole du 20 avril au 30 mai &#8211; Vernissage Lundi 20 avril <\/p>\n\n\n\n<figure class=\"wp-block-image size-large\"><img loading=\"lazy\" decoding=\"async\" width=\"724\" height=\"1024\" src=\"https:\/\/cieleporteplume.fr\/wp-content\/uploads\/2026\/04\/Aff-Nuit-blanche-724x1024.jpg\" alt=\"\" class=\"wp-image-248\" srcset=\"https:\/\/cieleporteplume.fr\/wp-content\/uploads\/2026\/04\/Aff-Nuit-blanche-724x1024.jpg 724w, https:\/\/cieleporteplume.fr\/wp-content\/uploads\/2026\/04\/Aff-Nuit-blanche-212x300.jpg 212w, https:\/\/cieleporteplume.fr\/wp-content\/uploads\/2026\/04\/Aff-Nuit-blanche-768x1086.jpg 768w, https:\/\/cieleporteplume.fr\/wp-content\/uploads\/2026\/04\/Aff-Nuit-blanche-1086x1536.jpg 1086w, https:\/\/cieleporteplume.fr\/wp-content\/uploads\/2026\/04\/Aff-Nuit-blanche.jpg 1448w\" sizes=\"auto, (max-width: 724px) 100vw, 724px\" \/><\/figure>\n\n\n\n<p> <\/p>\n\n\n\n<h2 class=\"wp-block-heading\"><strong>Edition 2025 :<\/strong><\/h2>\n\n\n\n<figure class=\"wp-block-gallery has-nested-images columns-default is-cropped wp-block-gallery-1 is-layout-flex wp-block-gallery-is-layout-flex\">\n<figure class=\"wp-block-image size-large\"><img loading=\"lazy\" decoding=\"async\" width=\"768\" height=\"1024\" data-id=\"175\" src=\"https:\/\/cieleporteplume.fr\/wp-content\/uploads\/2025\/08\/506341033_2800067490182656_7783783047846185866_n-768x1024.jpg\" alt=\"\" class=\"wp-image-175\" srcset=\"https:\/\/cieleporteplume.fr\/wp-content\/uploads\/2025\/08\/506341033_2800067490182656_7783783047846185866_n-768x1024.jpg 768w, https:\/\/cieleporteplume.fr\/wp-content\/uploads\/2025\/08\/506341033_2800067490182656_7783783047846185866_n-225x300.jpg 225w, https:\/\/cieleporteplume.fr\/wp-content\/uploads\/2025\/08\/506341033_2800067490182656_7783783047846185866_n.jpg 960w\" sizes=\"auto, (max-width: 768px) 100vw, 768px\" \/><\/figure>\n\n\n\n<figure class=\"wp-block-image size-large\"><img loading=\"lazy\" decoding=\"async\" width=\"1024\" height=\"768\" data-id=\"176\" src=\"https:\/\/cieleporteplume.fr\/wp-content\/uploads\/2025\/08\/513933159_2806866249502780_2123297675341198554_n-1024x768.jpg\" alt=\"\" class=\"wp-image-176\" srcset=\"https:\/\/cieleporteplume.fr\/wp-content\/uploads\/2025\/08\/513933159_2806866249502780_2123297675341198554_n-1024x768.jpg 1024w, https:\/\/cieleporteplume.fr\/wp-content\/uploads\/2025\/08\/513933159_2806866249502780_2123297675341198554_n-300x225.jpg 300w, https:\/\/cieleporteplume.fr\/wp-content\/uploads\/2025\/08\/513933159_2806866249502780_2123297675341198554_n-768x576.jpg 768w, https:\/\/cieleporteplume.fr\/wp-content\/uploads\/2025\/08\/513933159_2806866249502780_2123297675341198554_n-1536x1152.jpg 1536w, https:\/\/cieleporteplume.fr\/wp-content\/uploads\/2025\/08\/513933159_2806866249502780_2123297675341198554_n.jpg 2048w\" sizes=\"auto, (max-width: 1024px) 100vw, 1024px\" \/><\/figure>\n\n\n\n<figure class=\"wp-block-image size-large\"><img loading=\"lazy\" decoding=\"async\" width=\"1024\" height=\"768\" data-id=\"177\" src=\"https:\/\/cieleporteplume.fr\/wp-content\/uploads\/2025\/08\/513838139_2806868152835923_4518801045966603816_n-1024x768.jpg\" alt=\"\" class=\"wp-image-177\" srcset=\"https:\/\/cieleporteplume.fr\/wp-content\/uploads\/2025\/08\/513838139_2806868152835923_4518801045966603816_n-1024x768.jpg 1024w, https:\/\/cieleporteplume.fr\/wp-content\/uploads\/2025\/08\/513838139_2806868152835923_4518801045966603816_n-300x225.jpg 300w, https:\/\/cieleporteplume.fr\/wp-content\/uploads\/2025\/08\/513838139_2806868152835923_4518801045966603816_n-768x576.jpg 768w, https:\/\/cieleporteplume.fr\/wp-content\/uploads\/2025\/08\/513838139_2806868152835923_4518801045966603816_n.jpg 1280w\" sizes=\"auto, (max-width: 1024px) 100vw, 1024px\" \/><\/figure>\n<\/figure>\n\n\n\n<ul class=\"wp-block-list\">\n<li>Auteur.es&nbsp;invit\u00e9.e.s : Chlo\u00e9 Leray, Delphine Bertholon, Laurent Petitmangin&nbsp;<\/li>\n\n\n\n<li>Musicien.ne.s  : Alice Fidon &nbsp;(clarinette percussions) et Aur\u00e9lien Mouret &nbsp;(guitare)&nbsp;<\/li>\n<\/ul>\n\n\n\n<figure class=\"wp-block-gallery has-nested-images columns-default is-cropped wp-block-gallery-2 is-layout-flex wp-block-gallery-is-layout-flex\">\n<figure class=\"wp-block-image size-large\"><img loading=\"lazy\" decoding=\"async\" width=\"1024\" height=\"730\" data-id=\"178\" src=\"https:\/\/cieleporteplume.fr\/wp-content\/uploads\/2025\/08\/506675246_2794504884072250_7907725233710312169_n-1024x730.jpg\" alt=\"\" class=\"wp-image-178\" srcset=\"https:\/\/cieleporteplume.fr\/wp-content\/uploads\/2025\/08\/506675246_2794504884072250_7907725233710312169_n-1024x730.jpg 1024w, https:\/\/cieleporteplume.fr\/wp-content\/uploads\/2025\/08\/506675246_2794504884072250_7907725233710312169_n-300x214.jpg 300w, https:\/\/cieleporteplume.fr\/wp-content\/uploads\/2025\/08\/506675246_2794504884072250_7907725233710312169_n-768x547.jpg 768w, https:\/\/cieleporteplume.fr\/wp-content\/uploads\/2025\/08\/506675246_2794504884072250_7907725233710312169_n.jpg 1062w\" sizes=\"auto, (max-width: 1024px) 100vw, 1024px\" \/><\/figure>\n\n\n\n<figure class=\"wp-block-image size-large\"><img loading=\"lazy\" decoding=\"async\" width=\"1023\" height=\"732\" data-id=\"179\" src=\"https:\/\/cieleporteplume.fr\/wp-content\/uploads\/2025\/08\/506836905_2794506040738801_5067974803260155446_n.jpg\" alt=\"\" class=\"wp-image-179\" srcset=\"https:\/\/cieleporteplume.fr\/wp-content\/uploads\/2025\/08\/506836905_2794506040738801_5067974803260155446_n.jpg 1023w, https:\/\/cieleporteplume.fr\/wp-content\/uploads\/2025\/08\/506836905_2794506040738801_5067974803260155446_n-300x215.jpg 300w, https:\/\/cieleporteplume.fr\/wp-content\/uploads\/2025\/08\/506836905_2794506040738801_5067974803260155446_n-768x550.jpg 768w\" sizes=\"auto, (max-width: 1023px) 100vw, 1023px\" \/><\/figure>\n<\/figure>\n\n\n\n<h2 class=\"wp-block-heading\"><strong>Edition 2024 :<\/strong><\/h2>\n\n\n\n<figure class=\"wp-block-gallery has-nested-images columns-default is-cropped wp-block-gallery-3 is-layout-flex wp-block-gallery-is-layout-flex\">\n<figure class=\"wp-block-image size-large\"><img loading=\"lazy\" decoding=\"async\" width=\"1024\" height=\"768\" data-id=\"181\" src=\"https:\/\/cieleporteplume.fr\/wp-content\/uploads\/2025\/08\/490143674_2725045551018184_2755955120507944345_n-1024x768.jpg\" alt=\"\" class=\"wp-image-181\" srcset=\"https:\/\/cieleporteplume.fr\/wp-content\/uploads\/2025\/08\/490143674_2725045551018184_2755955120507944345_n-1024x768.jpg 1024w, https:\/\/cieleporteplume.fr\/wp-content\/uploads\/2025\/08\/490143674_2725045551018184_2755955120507944345_n-300x225.jpg 300w, https:\/\/cieleporteplume.fr\/wp-content\/uploads\/2025\/08\/490143674_2725045551018184_2755955120507944345_n-768x576.jpg 768w, https:\/\/cieleporteplume.fr\/wp-content\/uploads\/2025\/08\/490143674_2725045551018184_2755955120507944345_n-1536x1152.jpg 1536w, https:\/\/cieleporteplume.fr\/wp-content\/uploads\/2025\/08\/490143674_2725045551018184_2755955120507944345_n.jpg 2048w\" sizes=\"auto, (max-width: 1024px) 100vw, 1024px\" \/><\/figure>\n\n\n\n<figure class=\"wp-block-image size-large\"><img loading=\"lazy\" decoding=\"async\" width=\"1024\" height=\"768\" data-id=\"182\" src=\"https:\/\/cieleporteplume.fr\/wp-content\/uploads\/2025\/08\/490169291_2725045121018227_5352655368369126397_n-1024x768.jpg\" alt=\"\" class=\"wp-image-182\" srcset=\"https:\/\/cieleporteplume.fr\/wp-content\/uploads\/2025\/08\/490169291_2725045121018227_5352655368369126397_n-1024x768.jpg 1024w, https:\/\/cieleporteplume.fr\/wp-content\/uploads\/2025\/08\/490169291_2725045121018227_5352655368369126397_n-300x225.jpg 300w, https:\/\/cieleporteplume.fr\/wp-content\/uploads\/2025\/08\/490169291_2725045121018227_5352655368369126397_n-768x576.jpg 768w, https:\/\/cieleporteplume.fr\/wp-content\/uploads\/2025\/08\/490169291_2725045121018227_5352655368369126397_n-1536x1152.jpg 1536w, https:\/\/cieleporteplume.fr\/wp-content\/uploads\/2025\/08\/490169291_2725045121018227_5352655368369126397_n.jpg 2048w\" sizes=\"auto, (max-width: 1024px) 100vw, 1024px\" \/><\/figure>\n\n\n\n<figure class=\"wp-block-image size-large\"><img loading=\"lazy\" decoding=\"async\" width=\"1024\" height=\"768\" data-id=\"183\" src=\"https:\/\/cieleporteplume.fr\/wp-content\/uploads\/2025\/08\/490726984_2725045574351515_4178396381150505479_n-1024x768.jpg\" alt=\"\" class=\"wp-image-183\" srcset=\"https:\/\/cieleporteplume.fr\/wp-content\/uploads\/2025\/08\/490726984_2725045574351515_4178396381150505479_n-1024x768.jpg 1024w, https:\/\/cieleporteplume.fr\/wp-content\/uploads\/2025\/08\/490726984_2725045574351515_4178396381150505479_n-300x225.jpg 300w, https:\/\/cieleporteplume.fr\/wp-content\/uploads\/2025\/08\/490726984_2725045574351515_4178396381150505479_n-768x576.jpg 768w, https:\/\/cieleporteplume.fr\/wp-content\/uploads\/2025\/08\/490726984_2725045574351515_4178396381150505479_n-1536x1152.jpg 1536w, https:\/\/cieleporteplume.fr\/wp-content\/uploads\/2025\/08\/490726984_2725045574351515_4178396381150505479_n.jpg 2048w\" sizes=\"auto, (max-width: 1024px) 100vw, 1024px\" \/><\/figure>\n<\/figure>\n\n\n\n<ul class=\"wp-block-list\">\n<li>Autrices invit\u00e9es : &nbsp;Clara Arnaud, Loren Capelli, &nbsp;Marie Pavlenko, Aude Seigne<\/li>\n\n\n\n<li>Musicien.ne.s : Esther&nbsp;Fels (violoncelle), Etienne Faure (violon), Bastien Grossen (violon)&nbsp;<\/li>\n<\/ul>\n\n\n\n<figure class=\"wp-block-gallery has-nested-images columns-default is-cropped wp-block-gallery-4 is-layout-flex wp-block-gallery-is-layout-flex\">\n<figure class=\"wp-block-image size-large\"><img loading=\"lazy\" decoding=\"async\" width=\"1024\" height=\"725\" data-id=\"185\" src=\"https:\/\/cieleporteplume.fr\/wp-content\/uploads\/2025\/08\/489791878_2722724951250244_3468281563977768260_n-1024x725.jpg\" alt=\"\" class=\"wp-image-185\" srcset=\"https:\/\/cieleporteplume.fr\/wp-content\/uploads\/2025\/08\/489791878_2722724951250244_3468281563977768260_n-1024x725.jpg 1024w, https:\/\/cieleporteplume.fr\/wp-content\/uploads\/2025\/08\/489791878_2722724951250244_3468281563977768260_n-300x212.jpg 300w, https:\/\/cieleporteplume.fr\/wp-content\/uploads\/2025\/08\/489791878_2722724951250244_3468281563977768260_n-768x544.jpg 768w, https:\/\/cieleporteplume.fr\/wp-content\/uploads\/2025\/08\/489791878_2722724951250244_3468281563977768260_n.jpg 1280w\" sizes=\"auto, (max-width: 1024px) 100vw, 1024px\" \/><\/figure>\n\n\n\n<figure class=\"wp-block-image size-large\"><img loading=\"lazy\" decoding=\"async\" width=\"1024\" height=\"725\" data-id=\"184\" src=\"https:\/\/cieleporteplume.fr\/wp-content\/uploads\/2025\/08\/489427528_2722724777916928_8370497073832971_n-1024x725.jpg\" alt=\"\" class=\"wp-image-184\" srcset=\"https:\/\/cieleporteplume.fr\/wp-content\/uploads\/2025\/08\/489427528_2722724777916928_8370497073832971_n-1024x725.jpg 1024w, https:\/\/cieleporteplume.fr\/wp-content\/uploads\/2025\/08\/489427528_2722724777916928_8370497073832971_n-300x212.jpg 300w, https:\/\/cieleporteplume.fr\/wp-content\/uploads\/2025\/08\/489427528_2722724777916928_8370497073832971_n-768x544.jpg 768w, https:\/\/cieleporteplume.fr\/wp-content\/uploads\/2025\/08\/489427528_2722724777916928_8370497073832971_n.jpg 1280w\" sizes=\"auto, (max-width: 1024px) 100vw, 1024px\" \/><\/figure>\n<\/figure>\n\n\n\n<blockquote class=\"wp-block-quote is-layout-flow wp-block-quote-is-layout-flow\">\n<p><\/p>\n<\/blockquote>\n\n\n\n<p><\/p>\n","protected":false},"excerpt":{"rendered":"<p>La compagnie est co-organisatrice, avec l&rsquo;association Lire au Coeur du Jura, de D\u00e9LIRE en Revermont, festival de lectures \u00e0 voix haute pour tous et par tous. Tous les ans depuis 2016, sont au programme rencontres d&rsquo;auteurs, musique, spectacles, ateliers d&rsquo;illustration, d&nbsp;\u00e9criture de BD, rencontres et ateliers en milieu scolaire, pour enfants, ados, adultes,&nbsp; public \u00e9loign\u00e9 [&hellip;]<\/p>\n","protected":false},"author":1,"featured_media":0,"parent":0,"menu_order":0,"comment_status":"closed","ping_status":"closed","template":"","meta":{"footnotes":""},"class_list":["post-172","page","type-page","status-publish","hentry"],"_links":{"self":[{"href":"https:\/\/cieleporteplume.fr\/index.php?rest_route=\/wp\/v2\/pages\/172","targetHints":{"allow":["GET"]}}],"collection":[{"href":"https:\/\/cieleporteplume.fr\/index.php?rest_route=\/wp\/v2\/pages"}],"about":[{"href":"https:\/\/cieleporteplume.fr\/index.php?rest_route=\/wp\/v2\/types\/page"}],"author":[{"embeddable":true,"href":"https:\/\/cieleporteplume.fr\/index.php?rest_route=\/wp\/v2\/users\/1"}],"replies":[{"embeddable":true,"href":"https:\/\/cieleporteplume.fr\/index.php?rest_route=%2Fwp%2Fv2%2Fcomments&post=172"}],"version-history":[{"count":6,"href":"https:\/\/cieleporteplume.fr\/index.php?rest_route=\/wp\/v2\/pages\/172\/revisions"}],"predecessor-version":[{"id":249,"href":"https:\/\/cieleporteplume.fr\/index.php?rest_route=\/wp\/v2\/pages\/172\/revisions\/249"}],"wp:attachment":[{"href":"https:\/\/cieleporteplume.fr\/index.php?rest_route=%2Fwp%2Fv2%2Fmedia&parent=172"}],"curies":[{"name":"wp","href":"https:\/\/api.w.org\/{rel}","templated":true}]}}